{"id":1100,"date":"2024-01-18T22:03:25","date_gmt":"2024-01-18T22:03:25","guid":{"rendered":"http:\/\/sailpowermenorca.vl23871.dinaserver.com\/life-saving-equipment"},"modified":"2024-02-12T10:59:37","modified_gmt":"2024-02-12T10:59:37","slug":"seguridad-maritima-en-menorca","status":"publish","type":"page","link":"https:\/\/sailpowermenorca.com\/es\/seguridad-maritima-en-menorca\/","title":{"rendered":"Seguridad mar\u00edtima"},"content":{"rendered":"[vc_row type=\u00bbfull_width_content\u00bb full_screen_row_position=\u00bbmiddle\u00bb column_margin=\u00bbdefault\u00bb equal_height=\u00bbyes\u00bb content_placement=\u00bbmiddle\u00bb column_direction=\u00bbdefault\u00bb column_direction_tablet=\u00bbdefault\u00bb column_direction_phone=\u00bbdefault\u00bb scene_position=\u00bbcenter\u00bb text_color=\u00bbdark\u00bb text_align=\u00bbleft\u00bb row_border_radius=\u00bbnone\u00bb row_border_radius_applies=\u00bbbg\u00bb overflow=\u00bbvisible\u00bb overlay_strength=\u00bb0.3&#8243; gradient_direction=\u00bbleft_to_right\u00bb shape_divider_position=\u00bbbottom\u00bb bg_image_animation=\u00bbnone\u00bb shape_type=\u00bb\u00bb][vc_column column_padding=\u00bbpadding-12-percent\u00bb column_padding_tablet=\u00bbinherit\u00bb column_padding_phone=\u00bbinherit\u00bb column_padding_position=\u00bball\u00bb translate_y=\u00bb10px\u00bb translate_x=\u00bb10%\u00bb translate_y_tablet=\u00bb30px\u00bb translate_x_tablet=\u00bb0px\u00bb translate_x_phone=\u00bbnonw\u00bb column_element_direction_desktop=\u00bbdefault\u00bb column_element_spacing=\u00bbdefault\u00bb desktop_text_alignment=\u00bbdefault\u00bb tablet_text_alignment=\u00bbdefault\u00bb phone_text_alignment=\u00bbdefault\u00bb background_color=\u00bb#000000&#8243; background_color_opacity=\u00bb1&#8243; background_hover_color_opacity=\u00bb1&#8243; column_backdrop_filter=\u00bbnone\u00bb font_color=\u00bb#ffffff\u00bb column_shadow=\u00bbnone\u00bb column_border_radius=\u00bbnone\u00bb column_link_target=\u00bb_self\u00bb column_position=\u00bbdefault\u00bb gradient_direction=\u00bbleft_t_to_right_b\u00bb overlay_strength=\u00bb1&#8243; width=\u00bb7\/12&#8243; tablet_width_inherit=\u00bbdefault\u00bb animation_type=\u00bbdefault\u00bb bg_image_animation=\u00bbnone\u00bb border_type=\u00bbsimple\u00bb column_border_width=\u00bbnone\u00bb column_border_style=\u00bbsolid\u00bb column_padding_type=\u00bbdefault\u00bb gradient_type=\u00bbdefault\u00bb][vc_row_inner column_margin=\u00bbdefault\u00bb column_direction=\u00bbdefault\u00bb column_direction_tablet=\u00bbdefault\u00bb column_direction_phone=\u00bbdefault\u00bb translate_x=\u00bb-15%\u00bb translate_x_tablet=\u00bb0%\u00bb translate_x_phone=\u00bb0%\u00bb text_align=\u00bbleft\u00bb row_position=\u00bbdefault\u00bb row_position_tablet=\u00bbinherit\u00bb row_position_phone=\u00bbinherit\u00bb overflow=\u00bbvisible\u00bb pointer_events=\u00bball\u00bb][vc_column_inner right_padding_desktop=\u00bb5%\u00bb right_padding_tablet=\u00bb5%\u00bb right_padding_phone=\u00bb0%\u00bb column_element_direction_desktop=\u00bbdefault\u00bb column_element_spacing=\u00bbdefault\u00bb desktop_text_alignment=\u00bbdefault\u00bb tablet_text_alignment=\u00bbdefault\u00bb phone_text_alignment=\u00bbdefault\u00bb background_color_opacity=\u00bb1&#8243; background_hover_color_opacity=\u00bb1&#8243; column_backdrop_filter=\u00bbnone\u00bb column_shadow=\u00bbnone\u00bb column_border_radius=\u00bbnone\u00bb column_link_target=\u00bb_self\u00bb overflow=\u00bbvisible\u00bb gradient_direction=\u00bbleft_to_right\u00bb overlay_strength=\u00bb0.3&#8243; width=\u00bb1\/1&#8243; tablet_width_inherit=\u00bbdefault\u00bb animation_type=\u00bbdefault\u00bb bg_image_animation=\u00bbnone\u00bb border_type=\u00bbsimple\u00bb column_border_width=\u00bbnone\u00bb column_border_style=\u00bbsolid\u00bb column_padding_type=\u00bbadvanced\u00bb gradient_type=\u00bbdefault\u00bb][vc_column_text css_animation=\u00bbnone\u00bb css=\u00bb.vc_custom_1706176671629{margin-bottom: 40px !important;}\u00bb max_width=\u00bb550&#8243; text_direction=\u00bbdefault\u00bb]\n<h1 style=\"font-family: Michroma !important; text-transform: uppercase;\">Seguridad Mar\u00edtima en Menorca<\/h1>\n[\/vc_column_text][vc_column_text css_animation=\u00bbnone\u00bb css=\u00bb.vc_custom_1706176703704{margin-bottom: 10px !important;}\u00bb max_width=\u00bb550&#8243; text_direction=\u00bbdefault\u00bb]Sailpower es desde 2005 distribuidor en Menorca de Oscar Sierra (LINK), lo que nos permite suministrar a nuestros clientes material de seguridad mar\u00edtima en Menorca de primera calidad, as\u00ed como ofrecer un servicio de revisi\u00f3n de las principales marcas de balsas y chalecos salvavidas, sistemas de hombre al agua, radiobalizas o cualquier otro elemento de seguridad.[\/vc_column_text][vc_column_text css_animation=\u00bbnone\u00bb css=\u00bb.vc_custom_1706006918698{margin-bottom: 10px !important;}\u00bb max_width=\u00bb550&#8243; text_direction=\u00bbdefault\u00bb]Inspecciones[\/vc_column_text][vc_column_text css_animation=\u00bbnone\u00bb css=\u00bb.vc_custom_1706006943789{margin-bottom: 10px !important;}\u00bb max_width=\u00bb550&#8243; text_direction=\u00bbdefault\u00bb]Con nuestra experiencia en seguridad mar\u00edtima, trabajamos mano a mano con inspectores navales a la hora de preparar inspecciones de bandera adem\u00e1s de colaborar con peritos y compa\u00f1\u00edas de seguros en caso de siniestros.[\/vc_column_text][divider line_type=\u00bbNo Line\u00bb custom_height=\u00bb20px\u00bb][nectar_btn size=\u00bblarge\u00bb button_style=\u00bbsee-through\u00bb button_color_2=\u00bbAccent-Color\u00bb color_override=\u00bb#ea612c\u00bb icon_family=\u00bbfontawesome\u00bb text=\u00bbCONT\u00c1CTANOS\u00bb icon_fontawesome=\u00bbfa fa-long-arrow-right\u00bb url=\u00bbhttps:\/\/sailpowermenorca.com\/es\/contact\u00bb][\/vc_column_inner][\/vc_row_inner][\/vc_column][vc_column column_padding=\u00bbno-extra-padding\u00bb column_padding_tablet=\u00bbinherit\u00bb column_padding_phone=\u00bbinherit\u00bb column_padding_position=\u00bball\u00bb column_element_direction_desktop=\u00bbdefault\u00bb column_element_spacing=\u00bbdefault\u00bb desktop_text_alignment=\u00bbdefault\u00bb tablet_text_alignment=\u00bbdefault\u00bb phone_text_alignment=\u00bbdefault\u00bb background_color_opacity=\u00bb1&#8243; background_hover_color_opacity=\u00bb1&#8243; column_backdrop_filter=\u00bbnone\u00bb column_shadow=\u00bbnone\u00bb column_border_radius=\u00bbnone\u00bb column_link_target=\u00bb_self\u00bb column_position=\u00bbdefault\u00bb zindex=\u00bb100&#8243; gradient_direction=\u00bbleft_to_right\u00bb overlay_strength=\u00bb0.3&#8243; width=\u00bb5\/12&#8243; tablet_width_inherit=\u00bbdefault\u00bb animation_type=\u00bbdefault\u00bb bg_image_animation=\u00bbnone\u00bb border_type=\u00bbsimple\u00bb column_border_width=\u00bbnone\u00bb column_border_style=\u00bbsolid\u00bb][vc_row_inner column_margin=\u00bbdefault\u00bb column_direction=\u00bbdefault\u00bb column_direction_tablet=\u00bbdefault\u00bb column_direction_phone=\u00bbdefault\u00bb text_align=\u00bbleft\u00bb row_position=\u00bbdefault\u00bb row_position_tablet=\u00bbinherit\u00bb row_position_phone=\u00bbinherit\u00bb overflow=\u00bbvisible\u00bb pointer_events=\u00bball\u00bb][vc_column_inner column_padding=\u00bbno-extra-padding\u00bb column_padding_tablet=\u00bbinherit\u00bb column_padding_phone=\u00bbinherit\u00bb column_padding_position=\u00bball\u00bb column_element_direction_desktop=\u00bbdefault\u00bb column_element_spacing=\u00bbdefault\u00bb desktop_text_alignment=\u00bbdefault\u00bb tablet_text_alignment=\u00bbdefault\u00bb phone_text_alignment=\u00bbdefault\u00bb background_color_opacity=\u00bb1&#8243; background_hover_color_opacity=\u00bb1&#8243; column_backdrop_filter=\u00bbnone\u00bb column_shadow=\u00bbnone\u00bb column_border_radius=\u00bbnone\u00bb column_link_target=\u00bb_self\u00bb overflow=\u00bbvisible\u00bb gradient_direction=\u00bbleft_to_right\u00bb overlay_strength=\u00bb0.3&#8243; width=\u00bb1\/1&#8243; tablet_width_inherit=\u00bbdefault\u00bb animation_type=\u00bbdefault\u00bb bg_image_animation=\u00bbnone\u00bb border_type=\u00bbsimple\u00bb column_border_width=\u00bbnone\u00bb column_border_style=\u00bbsolid\u00bb][image_with_animation image_url=\u00bb981&#8243; image_size=\u00bbfull\u00bb animation_type=\u00bbentrance\u00bb animation=\u00bbNone\u00bb animation_movement_type=\u00bbtransform_y\u00bb hover_animation=\u00bbnone\u00bb alignment=\u00bbright\u00bb border_radius=\u00bbnone\u00bb box_shadow=\u00bbnone\u00bb image_loading=\u00bbdefault\u00bb max_width=\u00bb125%\u00bb max_width_mobile=\u00bbdefault\u00bb margin_top=\u00bb35%\u00bb margin_bottom=\u00bb35%\u00bb margin_top_tablet=\u00bb0px\u00bb margin_bottom_tablet=\u00bb0px\u00bb margin_top_phone=\u00bb0px\u00bb margin_bottom_phone=\u00bb0px\u00bb margin_left=\u00bb15%\u00bb margin_left_tablet=\u00bb0px\u00bb margin_left_phone=\u00bb0px\u00bb][\/vc_column_inner][\/vc_row_inner][\/vc_column][\/vc_row][vc_row type=\u00bbin_container\u00bb full_screen_row_position=\u00bbmiddle\u00bb column_margin=\u00bbdefault\u00bb column_direction=\u00bbdefault\u00bb column_direction_tablet=\u00bbdefault\u00bb column_direction_phone=\u00bbdefault\u00bb scene_position=\u00bbcenter\u00bb text_color=\u00bbdark\u00bb text_align=\u00bbleft\u00bb row_border_radius=\u00bbnone\u00bb row_border_radius_applies=\u00bbbg\u00bb overflow=\u00bbvisible\u00bb overlay_strength=\u00bb0.3&#8243; gradient_direction=\u00bbleft_to_right\u00bb shape_divider_position=\u00bbbottom\u00bb bg_image_animation=\u00bbnone\u00bb][vc_column column_padding=\u00bbno-extra-padding\u00bb column_padding_tablet=\u00bbinherit\u00bb column_padding_phone=\u00bbinherit\u00bb column_padding_position=\u00bball\u00bb column_element_direction_desktop=\u00bbdefault\u00bb column_element_spacing=\u00bbdefault\u00bb desktop_text_alignment=\u00bbdefault\u00bb tablet_text_alignment=\u00bbdefault\u00bb phone_text_alignment=\u00bbdefault\u00bb background_color_opacity=\u00bb1&#8243; background_hover_color_opacity=\u00bb1&#8243; column_backdrop_filter=\u00bbnone\u00bb column_shadow=\u00bbnone\u00bb column_border_radius=\u00bbnone\u00bb column_link_target=\u00bb_self\u00bb column_position=\u00bbdefault\u00bb gradient_direction=\u00bbleft_to_right\u00bb overlay_strength=\u00bb0.3&#8243; width=\u00bb1\/1&#8243; tablet_width_inherit=\u00bbdefault\u00bb animation_type=\u00bbdefault\u00bb bg_image_animation=\u00bbnone\u00bb border_type=\u00bbsimple\u00bb column_border_width=\u00bbnone\u00bb column_border_style=\u00bbsolid\u00bb][divider line_type=\u00bbNo Line\u00bb custom_height=\u00bb60px\u00bb][\/vc_column][\/vc_row]\n","protected":false},"excerpt":{"rendered":"<p>[vc_row type=\u00bbfull_width_content\u00bb full_screen_row_position=\u00bbmiddle\u00bb column_margin=\u00bbdefault\u00bb equal_height=\u00bbyes\u00bb content_placement=\u00bbmiddle\u00bb column_direction=\u00bbdefault\u00bb column_direction_tablet=\u00bbdefault\u00bb column_direction_phone=\u00bbdefault\u00bb scene_position=\u00bbcenter\u00bb text_color=\u00bbdark\u00bb text_align=\u00bbleft\u00bb row_border_radius=\u00bbnone\u00bb row_border_radius_applies=\u00bbbg\u00bb overflow=\u00bbvisible\u00bb overlay_strength=\u00bb0.3&#8243; gradient_direction=\u00bbleft_to_right\u00bb shape_divider_position=\u00bbbottom\u00bb bg_image_animation=\u00bbnone\u00bb shape_type=\u00bb\u00bb][vc_column column_padding=\u00bbpadding-12-percent\u00bb column_padding_tablet=\u00bbinherit\u00bb column_padding_phone=\u00bbinherit\u00bb column_padding_position=\u00bball\u00bb translate_y=\u00bb10px\u00bb translate_x=\u00bb10%\u00bb translate_y_tablet=\u00bb30px\u00bb translate_x_tablet=\u00bb0px\u00bb translate_x_phone=\u00bbnonw\u00bb column_element_direction_desktop=\u00bbdefault\u00bb&#8230;<\/p>\n","protected":false},"author":3,"featured_media":982,"parent":0,"menu_order":0,"comment_status":"closed","ping_status":"closed","template":"","meta":{"footnotes":""},"class_list":["post-1100","page","type-page","status-publish","has-post-thumbnail"],"yoast_head":"<!-- This site is optimized with the Yoast SEO Premium plugin v21.8 (Yoast SEO v26.8) - https:\/\/yoast.com\/product\/yoast-seo-premium-wordpress\/ -->\n<title>Seguridad mar\u00edtima en Menorca - Equipos salvavidas en Menorca<\/title>\n<meta name=\"description\" content=\"Seguridad mar\u00edtima en Menorca. En Sailpower Menorca somos distribuidores de equipos de seguridad mar\u00edtima en Menorca de Oscar Sierra.\" \/>\n<meta name=\"robots\" content=\"index, follow, max-snippet:-1, max-image-preview:large, max-video-preview:-1\" \/>\n<link rel=\"canonical\" href=\"https:\/\/sailpowermenorca.com\/es\/seguridad-maritima-en-menorca\/\" \/>\n<meta property=\"og:locale\" content=\"es_ES\" \/>\n<meta property=\"og:type\" content=\"article\" \/>\n<meta property=\"og:title\" content=\"Seguridad mar\u00edtima\" \/>\n<meta property=\"og:description\" content=\"Seguridad mar\u00edtima en Menorca. En Sailpower Menorca somos distribuidores de equipos de seguridad mar\u00edtima en Menorca de Oscar Sierra.\" \/>\n<meta property=\"og:url\" content=\"https:\/\/sailpowermenorca.com\/es\/seguridad-maritima-en-menorca\/\" \/>\n<meta property=\"og:site_name\" content=\"Sailpower Menorca\" \/>\n<meta property=\"article:publisher\" content=\"https:\/\/www.facebook.com\/SailpowerSL\" \/>\n<meta property=\"article:modified_time\" content=\"2024-02-12T10:59:37+00:00\" \/>\n<meta property=\"og:image\" content=\"https:\/\/sailpowermenorca.com\/wp-content\/uploads\/2024\/01\/safe.jpg\" \/>\n\t<meta property=\"og:image:width\" content=\"855\" \/>\n\t<meta property=\"og:image:height\" content=\"599\" \/>\n\t<meta property=\"og:image:type\" content=\"image\/jpeg\" \/>\n<meta name=\"twitter:card\" content=\"summary_large_image\" \/>\n<meta name=\"twitter:label1\" content=\"Tiempo de lectura\" \/>\n\t<meta name=\"twitter:data1\" content=\"2 minutos\" \/>\n<script type=\"application\/ld+json\" class=\"yoast-schema-graph\">{\"@context\":\"https:\/\/schema.org\",\"@graph\":[{\"@type\":\"WebPage\",\"@id\":\"https:\/\/sailpowermenorca.com\/es\/seguridad-maritima-en-menorca\/\",\"url\":\"https:\/\/sailpowermenorca.com\/es\/seguridad-maritima-en-menorca\/\",\"name\":\"Seguridad mar\u00edtima en Menorca - Equipos salvavidas en Menorca\",\"isPartOf\":{\"@id\":\"https:\/\/www.sailpowermenorca.com\/es\/#website\"},\"primaryImageOfPage\":{\"@id\":\"https:\/\/sailpowermenorca.com\/es\/seguridad-maritima-en-menorca\/#primaryimage\"},\"image\":{\"@id\":\"https:\/\/sailpowermenorca.com\/es\/seguridad-maritima-en-menorca\/#primaryimage\"},\"thumbnailUrl\":\"https:\/\/sailpowermenorca.com\/wp-content\/uploads\/2024\/01\/safe.jpg\",\"datePublished\":\"2024-01-18T22:03:25+00:00\",\"dateModified\":\"2024-02-12T10:59:37+00:00\",\"description\":\"Seguridad mar\u00edtima en Menorca. En Sailpower Menorca somos distribuidores de equipos de seguridad mar\u00edtima en Menorca de Oscar Sierra.\",\"breadcrumb\":{\"@id\":\"https:\/\/sailpowermenorca.com\/es\/seguridad-maritima-en-menorca\/#breadcrumb\"},\"inLanguage\":\"es\",\"potentialAction\":[{\"@type\":\"ReadAction\",\"target\":[\"https:\/\/sailpowermenorca.com\/es\/seguridad-maritima-en-menorca\/\"]}]},{\"@type\":\"ImageObject\",\"inLanguage\":\"es\",\"@id\":\"https:\/\/sailpowermenorca.com\/es\/seguridad-maritima-en-menorca\/#primaryimage\",\"url\":\"https:\/\/sailpowermenorca.com\/wp-content\/uploads\/2024\/01\/safe.jpg\",\"contentUrl\":\"https:\/\/sailpowermenorca.com\/wp-content\/uploads\/2024\/01\/safe.jpg\",\"width\":855,\"height\":599,\"caption\":\"equipos de seguridad maritima en menorca\"},{\"@type\":\"BreadcrumbList\",\"@id\":\"https:\/\/sailpowermenorca.com\/es\/seguridad-maritima-en-menorca\/#breadcrumb\",\"itemListElement\":[{\"@type\":\"ListItem\",\"position\":1,\"name\":\"Home\",\"item\":\"https:\/\/sailpowermenorca.com\/es\/\"},{\"@type\":\"ListItem\",\"position\":2,\"name\":\"Seguridad mar\u00edtima\"}]},{\"@type\":\"WebSite\",\"@id\":\"https:\/\/www.sailpowermenorca.com\/es\/#website\",\"url\":\"https:\/\/www.sailpowermenorca.com\/es\/\",\"name\":\"Sailpower Menorca\",\"description\":\"Menorca\",\"publisher\":{\"@id\":\"https:\/\/www.sailpowermenorca.com\/es\/#organization\"},\"potentialAction\":[{\"@type\":\"SearchAction\",\"target\":{\"@type\":\"EntryPoint\",\"urlTemplate\":\"https:\/\/www.sailpowermenorca.com\/es\/?s={search_term_string}\"},\"query-input\":{\"@type\":\"PropertyValueSpecification\",\"valueRequired\":true,\"valueName\":\"search_term_string\"}}],\"inLanguage\":\"es\"},{\"@type\":\"Organization\",\"@id\":\"https:\/\/www.sailpowermenorca.com\/es\/#organization\",\"name\":\"Sailpower Menorca\",\"url\":\"https:\/\/www.sailpowermenorca.com\/es\/\",\"logo\":{\"@type\":\"ImageObject\",\"inLanguage\":\"es\",\"@id\":\"https:\/\/www.sailpowermenorca.com\/es\/#\/schema\/logo\/image\/\",\"url\":\"http:\/\/sailpowermenorca.com\/wp-content\/uploads\/2024\/01\/logo-black.svg\",\"contentUrl\":\"http:\/\/sailpowermenorca.com\/wp-content\/uploads\/2024\/01\/logo-black.svg\",\"width\":703,\"height\":212,\"caption\":\"Sailpower Menorca\"},\"image\":{\"@id\":\"https:\/\/www.sailpowermenorca.com\/es\/#\/schema\/logo\/image\/\"},\"sameAs\":[\"https:\/\/www.facebook.com\/SailpowerSL\",\"https:\/\/www.instagram.com\/sailpowermenorca\/\"],\"publishingPrinciples\":\"https:\/\/www.sailpowermenorca.com\/politica-de-privacidad\/\"}]}<\/script>\n<!-- \/ Yoast SEO Premium plugin. -->","yoast_head_json":{"title":"Seguridad mar\u00edtima en Menorca - Equipos salvavidas en Menorca","description":"Seguridad mar\u00edtima en Menorca. En Sailpower Menorca somos distribuidores de equipos de seguridad mar\u00edtima en Menorca de Oscar Sierra.","robots":{"index":"index","follow":"follow","max-snippet":"max-snippet:-1","max-image-preview":"max-image-preview:large","max-video-preview":"max-video-preview:-1"},"canonical":"https:\/\/sailpowermenorca.com\/es\/seguridad-maritima-en-menorca\/","og_locale":"es_ES","og_type":"article","og_title":"Seguridad mar\u00edtima","og_description":"Seguridad mar\u00edtima en Menorca. En Sailpower Menorca somos distribuidores de equipos de seguridad mar\u00edtima en Menorca de Oscar Sierra.","og_url":"https:\/\/sailpowermenorca.com\/es\/seguridad-maritima-en-menorca\/","og_site_name":"Sailpower Menorca","article_publisher":"https:\/\/www.facebook.com\/SailpowerSL","article_modified_time":"2024-02-12T10:59:37+00:00","og_image":[{"width":855,"height":599,"url":"https:\/\/sailpowermenorca.com\/wp-content\/uploads\/2024\/01\/safe.jpg","type":"image\/jpeg"}],"twitter_card":"summary_large_image","twitter_misc":{"Tiempo de lectura":"2 minutos"},"schema":{"@context":"https:\/\/schema.org","@graph":[{"@type":"WebPage","@id":"https:\/\/sailpowermenorca.com\/es\/seguridad-maritima-en-menorca\/","url":"https:\/\/sailpowermenorca.com\/es\/seguridad-maritima-en-menorca\/","name":"Seguridad mar\u00edtima en Menorca - Equipos salvavidas en Menorca","isPartOf":{"@id":"https:\/\/www.sailpowermenorca.com\/es\/#website"},"primaryImageOfPage":{"@id":"https:\/\/sailpowermenorca.com\/es\/seguridad-maritima-en-menorca\/#primaryimage"},"image":{"@id":"https:\/\/sailpowermenorca.com\/es\/seguridad-maritima-en-menorca\/#primaryimage"},"thumbnailUrl":"https:\/\/sailpowermenorca.com\/wp-content\/uploads\/2024\/01\/safe.jpg","datePublished":"2024-01-18T22:03:25+00:00","dateModified":"2024-02-12T10:59:37+00:00","description":"Seguridad mar\u00edtima en Menorca. En Sailpower Menorca somos distribuidores de equipos de seguridad mar\u00edtima en Menorca de Oscar Sierra.","breadcrumb":{"@id":"https:\/\/sailpowermenorca.com\/es\/seguridad-maritima-en-menorca\/#breadcrumb"},"inLanguage":"es","potentialAction":[{"@type":"ReadAction","target":["https:\/\/sailpowermenorca.com\/es\/seguridad-maritima-en-menorca\/"]}]},{"@type":"ImageObject","inLanguage":"es","@id":"https:\/\/sailpowermenorca.com\/es\/seguridad-maritima-en-menorca\/#primaryimage","url":"https:\/\/sailpowermenorca.com\/wp-content\/uploads\/2024\/01\/safe.jpg","contentUrl":"https:\/\/sailpowermenorca.com\/wp-content\/uploads\/2024\/01\/safe.jpg","width":855,"height":599,"caption":"equipos de seguridad maritima en menorca"},{"@type":"BreadcrumbList","@id":"https:\/\/sailpowermenorca.com\/es\/seguridad-maritima-en-menorca\/#breadcrumb","itemListElement":[{"@type":"ListItem","position":1,"name":"Home","item":"https:\/\/sailpowermenorca.com\/es\/"},{"@type":"ListItem","position":2,"name":"Seguridad mar\u00edtima"}]},{"@type":"WebSite","@id":"https:\/\/www.sailpowermenorca.com\/es\/#website","url":"https:\/\/www.sailpowermenorca.com\/es\/","name":"Sailpower Menorca","description":"Menorca","publisher":{"@id":"https:\/\/www.sailpowermenorca.com\/es\/#organization"},"potentialAction":[{"@type":"SearchAction","target":{"@type":"EntryPoint","urlTemplate":"https:\/\/www.sailpowermenorca.com\/es\/?s={search_term_string}"},"query-input":{"@type":"PropertyValueSpecification","valueRequired":true,"valueName":"search_term_string"}}],"inLanguage":"es"},{"@type":"Organization","@id":"https:\/\/www.sailpowermenorca.com\/es\/#organization","name":"Sailpower Menorca","url":"https:\/\/www.sailpowermenorca.com\/es\/","logo":{"@type":"ImageObject","inLanguage":"es","@id":"https:\/\/www.sailpowermenorca.com\/es\/#\/schema\/logo\/image\/","url":"http:\/\/sailpowermenorca.com\/wp-content\/uploads\/2024\/01\/logo-black.svg","contentUrl":"http:\/\/sailpowermenorca.com\/wp-content\/uploads\/2024\/01\/logo-black.svg","width":703,"height":212,"caption":"Sailpower Menorca"},"image":{"@id":"https:\/\/www.sailpowermenorca.com\/es\/#\/schema\/logo\/image\/"},"sameAs":["https:\/\/www.facebook.com\/SailpowerSL","https:\/\/www.instagram.com\/sailpowermenorca\/"],"publishingPrinciples":"https:\/\/www.sailpowermenorca.com\/politica-de-privacidad\/"}]}},"_links":{"self":[{"href":"https:\/\/sailpowermenorca.com\/es\/wp-json\/wp\/v2\/pages\/1100","targetHints":{"allow":["GET"]}}],"collection":[{"href":"https:\/\/sailpowermenorca.com\/es\/wp-json\/wp\/v2\/pages"}],"about":[{"href":"https:\/\/sailpowermenorca.com\/es\/wp-json\/wp\/v2\/types\/page"}],"author":[{"embeddable":true,"href":"https:\/\/sailpowermenorca.com\/es\/wp-json\/wp\/v2\/users\/3"}],"replies":[{"embeddable":true,"href":"https:\/\/sailpowermenorca.com\/es\/wp-json\/wp\/v2\/comments?post=1100"}],"version-history":[{"count":6,"href":"https:\/\/sailpowermenorca.com\/es\/wp-json\/wp\/v2\/pages\/1100\/revisions"}],"predecessor-version":[{"id":1346,"href":"https:\/\/sailpowermenorca.com\/es\/wp-json\/wp\/v2\/pages\/1100\/revisions\/1346"}],"wp:featuredmedia":[{"embeddable":true,"href":"https:\/\/sailpowermenorca.com\/es\/wp-json\/wp\/v2\/media\/982"}],"wp:attachment":[{"href":"https:\/\/sailpowermenorca.com\/es\/wp-json\/wp\/v2\/media?parent=1100"}],"curies":[{"name":"wp","href":"https:\/\/api.w.org\/{rel}","templated":true}]}}