{"id":1109,"date":"2024-01-18T21:48:47","date_gmt":"2024-01-18T21:48:47","guid":{"rendered":"http:\/\/sailpowermenorca.vl23871.dinaserver.com\/sailing-yacht-maintenance-and-repairs"},"modified":"2024-02-12T10:59:13","modified_gmt":"2024-02-12T10:59:13","slug":"mantenimiento-y-reparacion-de-veleros-menorca","status":"publish","type":"page","link":"https:\/\/sailpowermenorca.com\/es\/mantenimiento-y-reparacion-de-veleros-menorca\/","title":{"rendered":"Mantenimiento y reparaci\u00f3n de veleros"},"content":{"rendered":"[vc_row type=\u00bbfull_width_content\u00bb full_screen_row_position=\u00bbmiddle\u00bb column_margin=\u00bbdefault\u00bb equal_height=\u00bbyes\u00bb content_placement=\u00bbmiddle\u00bb column_direction=\u00bbdefault\u00bb column_direction_tablet=\u00bbdefault\u00bb column_direction_phone=\u00bbdefault\u00bb scene_position=\u00bbcenter\u00bb text_color=\u00bbdark\u00bb text_align=\u00bbleft\u00bb row_border_radius=\u00bbnone\u00bb row_border_radius_applies=\u00bbbg\u00bb overflow=\u00bbvisible\u00bb overlay_strength=\u00bb0.3&#8243; gradient_direction=\u00bbleft_to_right\u00bb shape_divider_position=\u00bbbottom\u00bb bg_image_animation=\u00bbnone\u00bb shape_type=\u00bb\u00bb][vc_column column_padding=\u00bbpadding-12-percent\u00bb column_padding_tablet=\u00bbinherit\u00bb column_padding_phone=\u00bbinherit\u00bb column_padding_position=\u00bball\u00bb translate_y=\u00bb10px\u00bb translate_x=\u00bb10%\u00bb translate_y_tablet=\u00bb30px\u00bb translate_x_tablet=\u00bb0px\u00bb translate_x_phone=\u00bbnonw\u00bb column_element_direction_desktop=\u00bbdefault\u00bb column_element_spacing=\u00bbdefault\u00bb desktop_text_alignment=\u00bbdefault\u00bb tablet_text_alignment=\u00bbdefault\u00bb phone_text_alignment=\u00bbdefault\u00bb background_color=\u00bb#000000&#8243; background_color_opacity=\u00bb1&#8243; background_hover_color_opacity=\u00bb1&#8243; column_backdrop_filter=\u00bbnone\u00bb font_color=\u00bb#ffffff\u00bb column_shadow=\u00bbnone\u00bb column_border_radius=\u00bbnone\u00bb column_link_target=\u00bb_self\u00bb column_position=\u00bbdefault\u00bb gradient_direction=\u00bbleft_t_to_right_b\u00bb overlay_strength=\u00bb1&#8243; width=\u00bb7\/12&#8243; tablet_width_inherit=\u00bbdefault\u00bb animation_type=\u00bbdefault\u00bb bg_image_animation=\u00bbnone\u00bb border_type=\u00bbsimple\u00bb column_border_width=\u00bbnone\u00bb column_border_style=\u00bbsolid\u00bb column_padding_type=\u00bbdefault\u00bb gradient_type=\u00bbdefault\u00bb][vc_row_inner column_margin=\u00bbdefault\u00bb column_direction=\u00bbdefault\u00bb column_direction_tablet=\u00bbdefault\u00bb column_direction_phone=\u00bbdefault\u00bb translate_x=\u00bb-15%\u00bb translate_x_tablet=\u00bb0%\u00bb translate_x_phone=\u00bb0%\u00bb text_align=\u00bbleft\u00bb row_position=\u00bbdefault\u00bb row_position_tablet=\u00bbinherit\u00bb row_position_phone=\u00bbinherit\u00bb overflow=\u00bbvisible\u00bb pointer_events=\u00bball\u00bb][vc_column_inner right_padding_desktop=\u00bb5%\u00bb right_padding_tablet=\u00bb5%\u00bb right_padding_phone=\u00bb0%\u00bb column_element_direction_desktop=\u00bbdefault\u00bb column_element_spacing=\u00bbdefault\u00bb desktop_text_alignment=\u00bbdefault\u00bb tablet_text_alignment=\u00bbdefault\u00bb phone_text_alignment=\u00bbdefault\u00bb background_color_opacity=\u00bb1&#8243; background_hover_color_opacity=\u00bb1&#8243; column_backdrop_filter=\u00bbnone\u00bb column_shadow=\u00bbnone\u00bb column_border_radius=\u00bbnone\u00bb column_link_target=\u00bb_self\u00bb overflow=\u00bbvisible\u00bb gradient_direction=\u00bbleft_to_right\u00bb overlay_strength=\u00bb0.3&#8243; width=\u00bb1\/1&#8243; tablet_width_inherit=\u00bbdefault\u00bb animation_type=\u00bbdefault\u00bb bg_image_animation=\u00bbnone\u00bb border_type=\u00bbsimple\u00bb column_border_width=\u00bbnone\u00bb column_border_style=\u00bbsolid\u00bb column_padding_type=\u00bbadvanced\u00bb gradient_type=\u00bbdefault\u00bb][vc_column_text css_animation=\u00bbnone\u00bb css=\u00bb.vc_custom_1706175339670{margin-bottom: 40px !important;}\u00bb max_width=\u00bb550&#8243; text_direction=\u00bbdefault\u00bb]\n<h1 style=\"font-family: Michroma !important; text-transform: uppercase;\">Mantenimiento y reparaci\u00f3n de veleros en Menorca<\/h1>\n[\/vc_column_text][vc_column_text css_animation=\u00bbnone\u00bb css=\u00bb.vc_custom_1706175854016{margin-bottom: 10px !important;}\u00bb max_width=\u00bb550&#8243; text_direction=\u00bbdefault\u00bb]Despu\u00e9s de m\u00e1s de 20 a\u00f1os en el sector n\u00e1utico, estamos orgullosos de ofrecer nuestros servicios a armadores y a tripulaciones profesionales para ayudarles en el mantenimiento y reparaci\u00f3n de veleros en Menorca ofreci\u00e9ndoles los siguientes servicios:[\/vc_column_text][vc_column_text el_class=\u00bbmargin-listados\u00bb text_direction=\u00bbdefault\u00bb]<span style=\"font-family: gotham-book; font-size: 12pt;\"><span style=\"color: #ea612c;\">&#8211;<\/span> Varadas y trabajos en seco<\/span>[\/vc_column_text][vc_column_text el_class=\u00bbmargin-listados\u00bb text_direction=\u00bbdefault\u00bb]<span style=\"font-family: gotham-book; font-size: 12pt;\"><span style=\"color: #ea612c;\">&#8211;<\/span> Servicio de sistemas de gobierno, timones y h\u00e9lices de maniobra<\/span>[\/vc_column_text][vc_column_text el_class=\u00bbmargin-listados\u00bb text_direction=\u00bbdefault\u00bb]<span style=\"font-family: gotham-book; font-size: 12pt;\"><span style=\"color: #ea612c;\">&#8211;<\/span> Carpinteria general y cubiertas de Teka<\/span>[\/vc_column_text][vc_column_text el_class=\u00bbmargin-listados\u00bb text_direction=\u00bbdefault\u00bb]<span style=\"font-family: gotham-book; font-size: 12pt;\"><span style=\"color: #ea612c;\">&#8211;<\/span> Reparaciones de gel coat y fibra de vidrio<\/span>[\/vc_column_text][vc_column_text el_class=\u00bbmargin-listados\u00bb text_direction=\u00bbdefault\u00bb]<span style=\"font-family: gotham-book; font-size: 12pt;\"><span style=\"color: #ea612c;\">&#8211;<\/span> Sistemas de corriente alterna y continua<\/span>[\/vc_column_text][vc_column_text text_direction=\u00bbdefault\u00bb el_class=\u00bbmargin-listados\u00bb]<span style=\"font-family: gotham-book; font-size: 12pt;\"><span style=\"color: #ea612c;\">&#8211;<\/span> Servicio y distribuidor autorizado de B&amp;G<\/span>[\/vc_column_text][vc_column_text text_direction=\u00bbdefault\u00bb el_class=\u00bbmargin-listados\u00bb]<span style=\"font-family: gotham-book; font-size: 12pt;\"><span style=\"color: #ea612c;\">&#8211;<\/span> Sistemas de fondeo y servicio de molinetes<\/span>[\/vc_column_text][vc_column_text text_direction=\u00bbdefault\u00bb]<span style=\"font-family: gotham-book; font-size: 12pt;\"><span style=\"color: #ea612c;\">&#8211;<\/span> Servicio y sustituci\u00f3n de grifos de fondo y fontaner\u00eda a bordo<\/span>[\/vc_column_text][nectar_btn size=\u00bblarge\u00bb button_style=\u00bbsee-through\u00bb button_color_2=\u00bbAccent-Color\u00bb color_override=\u00bb#ea612c\u00bb icon_family=\u00bbfontawesome\u00bb text=\u00bbCONT\u00c1CTANOS\u00bb icon_fontawesome=\u00bbfa fa-long-arrow-right\u00bb url=\u00bbhttps:\/\/sailpowermenorca.com\/es\/contact\u00bb][\/vc_column_inner][\/vc_row_inner][\/vc_column][vc_column column_padding=\u00bbno-extra-padding\u00bb column_padding_tablet=\u00bbinherit\u00bb column_padding_phone=\u00bbinherit\u00bb column_padding_position=\u00bball\u00bb column_element_direction_desktop=\u00bbdefault\u00bb column_element_spacing=\u00bbdefault\u00bb desktop_text_alignment=\u00bbdefault\u00bb tablet_text_alignment=\u00bbdefault\u00bb phone_text_alignment=\u00bbdefault\u00bb background_color_opacity=\u00bb1&#8243; background_hover_color_opacity=\u00bb1&#8243; column_backdrop_filter=\u00bbnone\u00bb column_shadow=\u00bbnone\u00bb column_border_radius=\u00bbnone\u00bb column_link_target=\u00bb_self\u00bb column_position=\u00bbdefault\u00bb zindex=\u00bb100&#8243; gradient_direction=\u00bbleft_to_right\u00bb overlay_strength=\u00bb0.3&#8243; width=\u00bb5\/12&#8243; tablet_width_inherit=\u00bbdefault\u00bb animation_type=\u00bbdefault\u00bb bg_image_animation=\u00bbnone\u00bb border_type=\u00bbsimple\u00bb column_border_width=\u00bbnone\u00bb column_border_style=\u00bbsolid\u00bb][vc_row_inner column_margin=\u00bbdefault\u00bb column_direction=\u00bbdefault\u00bb column_direction_tablet=\u00bbdefault\u00bb column_direction_phone=\u00bbdefault\u00bb text_align=\u00bbleft\u00bb row_position=\u00bbdefault\u00bb row_position_tablet=\u00bbinherit\u00bb row_position_phone=\u00bbinherit\u00bb overflow=\u00bbvisible\u00bb pointer_events=\u00bball\u00bb][vc_column_inner column_padding=\u00bbno-extra-padding\u00bb column_padding_tablet=\u00bbinherit\u00bb column_padding_phone=\u00bbinherit\u00bb column_padding_position=\u00bball\u00bb column_element_direction_desktop=\u00bbdefault\u00bb column_element_spacing=\u00bbdefault\u00bb desktop_text_alignment=\u00bbdefault\u00bb tablet_text_alignment=\u00bbdefault\u00bb phone_text_alignment=\u00bbdefault\u00bb background_color_opacity=\u00bb1&#8243; background_hover_color_opacity=\u00bb1&#8243; column_backdrop_filter=\u00bbnone\u00bb column_shadow=\u00bbnone\u00bb column_border_radius=\u00bbnone\u00bb column_link_target=\u00bb_self\u00bb overflow=\u00bbvisible\u00bb gradient_direction=\u00bbleft_to_right\u00bb overlay_strength=\u00bb0.3&#8243; width=\u00bb1\/1&#8243; tablet_width_inherit=\u00bbdefault\u00bb animation_type=\u00bbdefault\u00bb bg_image_animation=\u00bbnone\u00bb border_type=\u00bbsimple\u00bb column_border_width=\u00bbnone\u00bb column_border_style=\u00bbsolid\u00bb][image_with_animation image_url=\u00bb1239&#8243; image_size=\u00bbfull\u00bb animation_type=\u00bbentrance\u00bb animation=\u00bbNone\u00bb animation_movement_type=\u00bbtransform_y\u00bb hover_animation=\u00bbnone\u00bb alignment=\u00bbright\u00bb border_radius=\u00bbnone\u00bb box_shadow=\u00bbnone\u00bb image_loading=\u00bbdefault\u00bb max_width=\u00bb125%\u00bb max_width_mobile=\u00bbdefault\u00bb margin_top=\u00bb10%\u00bb margin_bottom=\u00bb10%\u00bb margin_top_tablet=\u00bb0px\u00bb margin_bottom_tablet=\u00bb0px\u00bb margin_top_phone=\u00bb0px\u00bb margin_bottom_phone=\u00bb0px\u00bb margin_left=\u00bb15%\u00bb margin_left_tablet=\u00bb15%\u00bb margin_left_phone=\u00bb0px\u00bb][\/vc_column_inner][\/vc_row_inner][\/vc_column][\/vc_row][vc_row type=\u00bbin_container\u00bb full_screen_row_position=\u00bbmiddle\u00bb column_margin=\u00bbdefault\u00bb column_direction=\u00bbdefault\u00bb column_direction_tablet=\u00bbdefault\u00bb column_direction_phone=\u00bbdefault\u00bb scene_position=\u00bbcenter\u00bb text_color=\u00bbdark\u00bb text_align=\u00bbleft\u00bb row_border_radius=\u00bbnone\u00bb row_border_radius_applies=\u00bbbg\u00bb overflow=\u00bbvisible\u00bb overlay_strength=\u00bb0.3&#8243; gradient_direction=\u00bbleft_to_right\u00bb shape_divider_position=\u00bbbottom\u00bb bg_image_animation=\u00bbnone\u00bb][vc_column column_padding=\u00bbno-extra-padding\u00bb column_padding_tablet=\u00bbinherit\u00bb column_padding_phone=\u00bbinherit\u00bb column_padding_position=\u00bball\u00bb column_element_direction_desktop=\u00bbdefault\u00bb column_element_spacing=\u00bbdefault\u00bb desktop_text_alignment=\u00bbdefault\u00bb tablet_text_alignment=\u00bbdefault\u00bb phone_text_alignment=\u00bbdefault\u00bb background_color_opacity=\u00bb1&#8243; background_hover_color_opacity=\u00bb1&#8243; column_backdrop_filter=\u00bbnone\u00bb column_shadow=\u00bbnone\u00bb column_border_radius=\u00bbnone\u00bb column_link_target=\u00bb_self\u00bb column_position=\u00bbdefault\u00bb gradient_direction=\u00bbleft_to_right\u00bb overlay_strength=\u00bb0.3&#8243; width=\u00bb1\/1&#8243; tablet_width_inherit=\u00bbdefault\u00bb animation_type=\u00bbdefault\u00bb bg_image_animation=\u00bbnone\u00bb border_type=\u00bbsimple\u00bb column_border_width=\u00bbnone\u00bb column_border_style=\u00bbsolid\u00bb][divider line_type=\u00bbNo Line\u00bb custom_height=\u00bb60px\u00bb][\/vc_column][\/vc_row]\n","protected":false},"excerpt":{"rendered":"<p>[vc_row type=\u00bbfull_width_content\u00bb full_screen_row_position=\u00bbmiddle\u00bb column_margin=\u00bbdefault\u00bb equal_height=\u00bbyes\u00bb content_placement=\u00bbmiddle\u00bb column_direction=\u00bbdefault\u00bb column_direction_tablet=\u00bbdefault\u00bb column_direction_phone=\u00bbdefault\u00bb scene_position=\u00bbcenter\u00bb text_color=\u00bbdark\u00bb text_align=\u00bbleft\u00bb row_border_radius=\u00bbnone\u00bb row_border_radius_applies=\u00bbbg\u00bb overflow=\u00bbvisible\u00bb overlay_strength=\u00bb0.3&#8243; gradient_direction=\u00bbleft_to_right\u00bb shape_divider_position=\u00bbbottom\u00bb bg_image_animation=\u00bbnone\u00bb shape_type=\u00bb\u00bb][vc_column column_padding=\u00bbpadding-12-percent\u00bb column_padding_tablet=\u00bbinherit\u00bb column_padding_phone=\u00bbinherit\u00bb column_padding_position=\u00bball\u00bb translate_y=\u00bb10px\u00bb translate_x=\u00bb10%\u00bb translate_y_tablet=\u00bb30px\u00bb translate_x_tablet=\u00bb0px\u00bb translate_x_phone=\u00bbnonw\u00bb column_element_direction_desktop=\u00bbdefault\u00bb&#8230;<\/p>\n","protected":false},"author":3,"featured_media":968,"parent":0,"menu_order":0,"comment_status":"closed","ping_status":"closed","template":"","meta":{"footnotes":""},"class_list":["post-1109","page","type-page","status-publish","has-post-thumbnail"],"yoast_head":"<!-- This site is optimized with the Yoast SEO Premium plugin v21.8 (Yoast SEO v26.8) - https:\/\/yoast.com\/product\/yoast-seo-premium-wordpress\/ -->\n<title>Mantenimiento y reparaci\u00f3n de veleros en Menorca - Sailpower<\/title>\n<meta name=\"description\" content=\"Mantenimiento y reparaci\u00f3n de veleros en Menorca. Somos una empresa l\u00edder en mantenimiento y reparaci\u00f3n de veleros en Menorca. Cont\u00e1ctenos.\" \/>\n<meta name=\"robots\" content=\"index, follow, max-snippet:-1, max-image-preview:large, max-video-preview:-1\" \/>\n<link rel=\"canonical\" href=\"https:\/\/sailpowermenorca.com\/es\/mantenimiento-y-reparacion-de-veleros-menorca\/\" \/>\n<meta property=\"og:locale\" content=\"es_ES\" \/>\n<meta property=\"og:type\" content=\"article\" \/>\n<meta property=\"og:title\" content=\"Mantenimiento y reparaci\u00f3n de veleros\" \/>\n<meta property=\"og:description\" content=\"Mantenimiento y reparaci\u00f3n de veleros en Menorca. Somos una empresa l\u00edder en mantenimiento y reparaci\u00f3n de veleros en Menorca. Cont\u00e1ctenos.\" \/>\n<meta property=\"og:url\" content=\"https:\/\/sailpowermenorca.com\/es\/mantenimiento-y-reparacion-de-veleros-menorca\/\" \/>\n<meta property=\"og:site_name\" content=\"Sailpower Menorca\" \/>\n<meta property=\"article:publisher\" content=\"https:\/\/www.facebook.com\/SailpowerSL\" \/>\n<meta property=\"article:modified_time\" content=\"2024-02-12T10:59:13+00:00\" \/>\n<meta property=\"og:image\" content=\"https:\/\/sailpowermenorca.com\/wp-content\/uploads\/2024\/01\/sail-4.jpg\" \/>\n\t<meta property=\"og:image:width\" content=\"1895\" \/>\n\t<meta property=\"og:image:height\" content=\"1430\" \/>\n\t<meta property=\"og:image:type\" content=\"image\/jpeg\" \/>\n<meta name=\"twitter:card\" content=\"summary_large_image\" \/>\n<meta name=\"twitter:label1\" content=\"Tiempo de lectura\" \/>\n\t<meta name=\"twitter:data1\" content=\"3 minutos\" \/>\n<script type=\"application\/ld+json\" class=\"yoast-schema-graph\">{\"@context\":\"https:\/\/schema.org\",\"@graph\":[{\"@type\":\"WebPage\",\"@id\":\"https:\/\/sailpowermenorca.com\/es\/mantenimiento-y-reparacion-de-veleros-menorca\/\",\"url\":\"https:\/\/sailpowermenorca.com\/es\/mantenimiento-y-reparacion-de-veleros-menorca\/\",\"name\":\"Mantenimiento y reparaci\u00f3n de veleros en Menorca - Sailpower\",\"isPartOf\":{\"@id\":\"https:\/\/www.sailpowermenorca.com\/es\/#website\"},\"primaryImageOfPage\":{\"@id\":\"https:\/\/sailpowermenorca.com\/es\/mantenimiento-y-reparacion-de-veleros-menorca\/#primaryimage\"},\"image\":{\"@id\":\"https:\/\/sailpowermenorca.com\/es\/mantenimiento-y-reparacion-de-veleros-menorca\/#primaryimage\"},\"thumbnailUrl\":\"https:\/\/sailpowermenorca.com\/wp-content\/uploads\/2024\/01\/sail-4.jpg\",\"datePublished\":\"2024-01-18T21:48:47+00:00\",\"dateModified\":\"2024-02-12T10:59:13+00:00\",\"description\":\"Mantenimiento y reparaci\u00f3n de veleros en Menorca. Somos una empresa l\u00edder en mantenimiento y reparaci\u00f3n de veleros en Menorca. Cont\u00e1ctenos.\",\"breadcrumb\":{\"@id\":\"https:\/\/sailpowermenorca.com\/es\/mantenimiento-y-reparacion-de-veleros-menorca\/#breadcrumb\"},\"inLanguage\":\"es\",\"potentialAction\":[{\"@type\":\"ReadAction\",\"target\":[\"https:\/\/sailpowermenorca.com\/es\/mantenimiento-y-reparacion-de-veleros-menorca\/\"]}]},{\"@type\":\"ImageObject\",\"inLanguage\":\"es\",\"@id\":\"https:\/\/sailpowermenorca.com\/es\/mantenimiento-y-reparacion-de-veleros-menorca\/#primaryimage\",\"url\":\"https:\/\/sailpowermenorca.com\/wp-content\/uploads\/2024\/01\/sail-4.jpg\",\"contentUrl\":\"https:\/\/sailpowermenorca.com\/wp-content\/uploads\/2024\/01\/sail-4.jpg\",\"width\":1895,\"height\":1430,\"caption\":\"mantenimiento y reparaci\u00f3n veleros menorca\"},{\"@type\":\"BreadcrumbList\",\"@id\":\"https:\/\/sailpowermenorca.com\/es\/mantenimiento-y-reparacion-de-veleros-menorca\/#breadcrumb\",\"itemListElement\":[{\"@type\":\"ListItem\",\"position\":1,\"name\":\"Home\",\"item\":\"https:\/\/sailpowermenorca.com\/es\/\"},{\"@type\":\"ListItem\",\"position\":2,\"name\":\"Mantenimiento y reparaci\u00f3n de veleros\"}]},{\"@type\":\"WebSite\",\"@id\":\"https:\/\/www.sailpowermenorca.com\/es\/#website\",\"url\":\"https:\/\/www.sailpowermenorca.com\/es\/\",\"name\":\"Sailpower Menorca\",\"description\":\"Menorca\",\"publisher\":{\"@id\":\"https:\/\/www.sailpowermenorca.com\/es\/#organization\"},\"potentialAction\":[{\"@type\":\"SearchAction\",\"target\":{\"@type\":\"EntryPoint\",\"urlTemplate\":\"https:\/\/www.sailpowermenorca.com\/es\/?s={search_term_string}\"},\"query-input\":{\"@type\":\"PropertyValueSpecification\",\"valueRequired\":true,\"valueName\":\"search_term_string\"}}],\"inLanguage\":\"es\"},{\"@type\":\"Organization\",\"@id\":\"https:\/\/www.sailpowermenorca.com\/es\/#organization\",\"name\":\"Sailpower Menorca\",\"url\":\"https:\/\/www.sailpowermenorca.com\/es\/\",\"logo\":{\"@type\":\"ImageObject\",\"inLanguage\":\"es\",\"@id\":\"https:\/\/www.sailpowermenorca.com\/es\/#\/schema\/logo\/image\/\",\"url\":\"http:\/\/sailpowermenorca.com\/wp-content\/uploads\/2024\/01\/logo-black.svg\",\"contentUrl\":\"http:\/\/sailpowermenorca.com\/wp-content\/uploads\/2024\/01\/logo-black.svg\",\"width\":703,\"height\":212,\"caption\":\"Sailpower Menorca\"},\"image\":{\"@id\":\"https:\/\/www.sailpowermenorca.com\/es\/#\/schema\/logo\/image\/\"},\"sameAs\":[\"https:\/\/www.facebook.com\/SailpowerSL\",\"https:\/\/www.instagram.com\/sailpowermenorca\/\"],\"publishingPrinciples\":\"https:\/\/www.sailpowermenorca.com\/politica-de-privacidad\/\"}]}<\/script>\n<!-- \/ Yoast SEO Premium plugin. -->","yoast_head_json":{"title":"Mantenimiento y reparaci\u00f3n de veleros en Menorca - Sailpower","description":"Mantenimiento y reparaci\u00f3n de veleros en Menorca. Somos una empresa l\u00edder en mantenimiento y reparaci\u00f3n de veleros en Menorca. Cont\u00e1ctenos.","robots":{"index":"index","follow":"follow","max-snippet":"max-snippet:-1","max-image-preview":"max-image-preview:large","max-video-preview":"max-video-preview:-1"},"canonical":"https:\/\/sailpowermenorca.com\/es\/mantenimiento-y-reparacion-de-veleros-menorca\/","og_locale":"es_ES","og_type":"article","og_title":"Mantenimiento y reparaci\u00f3n de veleros","og_description":"Mantenimiento y reparaci\u00f3n de veleros en Menorca. Somos una empresa l\u00edder en mantenimiento y reparaci\u00f3n de veleros en Menorca. Cont\u00e1ctenos.","og_url":"https:\/\/sailpowermenorca.com\/es\/mantenimiento-y-reparacion-de-veleros-menorca\/","og_site_name":"Sailpower Menorca","article_publisher":"https:\/\/www.facebook.com\/SailpowerSL","article_modified_time":"2024-02-12T10:59:13+00:00","og_image":[{"width":1895,"height":1430,"url":"https:\/\/sailpowermenorca.com\/wp-content\/uploads\/2024\/01\/sail-4.jpg","type":"image\/jpeg"}],"twitter_card":"summary_large_image","twitter_misc":{"Tiempo de lectura":"3 minutos"},"schema":{"@context":"https:\/\/schema.org","@graph":[{"@type":"WebPage","@id":"https:\/\/sailpowermenorca.com\/es\/mantenimiento-y-reparacion-de-veleros-menorca\/","url":"https:\/\/sailpowermenorca.com\/es\/mantenimiento-y-reparacion-de-veleros-menorca\/","name":"Mantenimiento y reparaci\u00f3n de veleros en Menorca - Sailpower","isPartOf":{"@id":"https:\/\/www.sailpowermenorca.com\/es\/#website"},"primaryImageOfPage":{"@id":"https:\/\/sailpowermenorca.com\/es\/mantenimiento-y-reparacion-de-veleros-menorca\/#primaryimage"},"image":{"@id":"https:\/\/sailpowermenorca.com\/es\/mantenimiento-y-reparacion-de-veleros-menorca\/#primaryimage"},"thumbnailUrl":"https:\/\/sailpowermenorca.com\/wp-content\/uploads\/2024\/01\/sail-4.jpg","datePublished":"2024-01-18T21:48:47+00:00","dateModified":"2024-02-12T10:59:13+00:00","description":"Mantenimiento y reparaci\u00f3n de veleros en Menorca. Somos una empresa l\u00edder en mantenimiento y reparaci\u00f3n de veleros en Menorca. Cont\u00e1ctenos.","breadcrumb":{"@id":"https:\/\/sailpowermenorca.com\/es\/mantenimiento-y-reparacion-de-veleros-menorca\/#breadcrumb"},"inLanguage":"es","potentialAction":[{"@type":"ReadAction","target":["https:\/\/sailpowermenorca.com\/es\/mantenimiento-y-reparacion-de-veleros-menorca\/"]}]},{"@type":"ImageObject","inLanguage":"es","@id":"https:\/\/sailpowermenorca.com\/es\/mantenimiento-y-reparacion-de-veleros-menorca\/#primaryimage","url":"https:\/\/sailpowermenorca.com\/wp-content\/uploads\/2024\/01\/sail-4.jpg","contentUrl":"https:\/\/sailpowermenorca.com\/wp-content\/uploads\/2024\/01\/sail-4.jpg","width":1895,"height":1430,"caption":"mantenimiento y reparaci\u00f3n veleros menorca"},{"@type":"BreadcrumbList","@id":"https:\/\/sailpowermenorca.com\/es\/mantenimiento-y-reparacion-de-veleros-menorca\/#breadcrumb","itemListElement":[{"@type":"ListItem","position":1,"name":"Home","item":"https:\/\/sailpowermenorca.com\/es\/"},{"@type":"ListItem","position":2,"name":"Mantenimiento y reparaci\u00f3n de veleros"}]},{"@type":"WebSite","@id":"https:\/\/www.sailpowermenorca.com\/es\/#website","url":"https:\/\/www.sailpowermenorca.com\/es\/","name":"Sailpower Menorca","description":"Menorca","publisher":{"@id":"https:\/\/www.sailpowermenorca.com\/es\/#organization"},"potentialAction":[{"@type":"SearchAction","target":{"@type":"EntryPoint","urlTemplate":"https:\/\/www.sailpowermenorca.com\/es\/?s={search_term_string}"},"query-input":{"@type":"PropertyValueSpecification","valueRequired":true,"valueName":"search_term_string"}}],"inLanguage":"es"},{"@type":"Organization","@id":"https:\/\/www.sailpowermenorca.com\/es\/#organization","name":"Sailpower Menorca","url":"https:\/\/www.sailpowermenorca.com\/es\/","logo":{"@type":"ImageObject","inLanguage":"es","@id":"https:\/\/www.sailpowermenorca.com\/es\/#\/schema\/logo\/image\/","url":"http:\/\/sailpowermenorca.com\/wp-content\/uploads\/2024\/01\/logo-black.svg","contentUrl":"http:\/\/sailpowermenorca.com\/wp-content\/uploads\/2024\/01\/logo-black.svg","width":703,"height":212,"caption":"Sailpower Menorca"},"image":{"@id":"https:\/\/www.sailpowermenorca.com\/es\/#\/schema\/logo\/image\/"},"sameAs":["https:\/\/www.facebook.com\/SailpowerSL","https:\/\/www.instagram.com\/sailpowermenorca\/"],"publishingPrinciples":"https:\/\/www.sailpowermenorca.com\/politica-de-privacidad\/"}]}},"_links":{"self":[{"href":"https:\/\/sailpowermenorca.com\/es\/wp-json\/wp\/v2\/pages\/1109","targetHints":{"allow":["GET"]}}],"collection":[{"href":"https:\/\/sailpowermenorca.com\/es\/wp-json\/wp\/v2\/pages"}],"about":[{"href":"https:\/\/sailpowermenorca.com\/es\/wp-json\/wp\/v2\/types\/page"}],"author":[{"embeddable":true,"href":"https:\/\/sailpowermenorca.com\/es\/wp-json\/wp\/v2\/users\/3"}],"replies":[{"embeddable":true,"href":"https:\/\/sailpowermenorca.com\/es\/wp-json\/wp\/v2\/comments?post=1109"}],"version-history":[{"count":9,"href":"https:\/\/sailpowermenorca.com\/es\/wp-json\/wp\/v2\/pages\/1109\/revisions"}],"predecessor-version":[{"id":1344,"href":"https:\/\/sailpowermenorca.com\/es\/wp-json\/wp\/v2\/pages\/1109\/revisions\/1344"}],"wp:featuredmedia":[{"embeddable":true,"href":"https:\/\/sailpowermenorca.com\/es\/wp-json\/wp\/v2\/media\/968"}],"wp:attachment":[{"href":"https:\/\/sailpowermenorca.com\/es\/wp-json\/wp\/v2\/media?parent=1109"}],"curies":[{"name":"wp","href":"https:\/\/api.w.org\/{rel}","templated":true}]}}